{"id":506,"date":"2020-12-03T00:08:10","date_gmt":"2020-12-02T23:08:10","guid":{"rendered":"https:\/\/lecolemontessoriduvendomois.com\/?page_id=506"},"modified":"2026-03-03T22:29:35","modified_gmt":"2026-03-03T21:29:35","slug":"recrutement","status":"publish","type":"page","link":"https:\/\/lecolemontessoriduvendomois.com\/index.php\/recrutement\/","title":{"rendered":"Recrutements"},"content":{"rendered":"[vc_row type=\u00a0\u00bbfull_width_content\u00a0\u00bb full_screen_row_position=\u00a0\u00bbmiddle\u00a0\u00bb column_margin=\u00a0\u00bbdefault\u00a0\u00bb column_direction=\u00a0\u00bbdefault\u00a0\u00bb column_direction_tablet=\u00a0\u00bbdefault\u00a0\u00bb column_direction_phone=\u00a0\u00bbdefault\u00a0\u00bb bg_color=\u00a0\u00bb#ffffff\u00a0\u00bb scene_position=\u00a0\u00bbcenter\u00a0\u00bb text_color=\u00a0\u00bbdark\u00a0\u00bb text_align=\u00a0\u00bbleft\u00a0\u00bb row_border_radius=\u00a0\u00bbnone\u00a0\u00bb row_border_radius_applies=\u00a0\u00bbbg\u00a0\u00bb overflow=\u00a0\u00bbvisible\u00a0\u00bb overlay_strength=\u00a0\u00bb0.3&Prime; gradient_direction=\u00a0\u00bbleft_to_right\u00a0\u00bb shape_divider_position=\u00a0\u00bbbottom\u00a0\u00bb bg_image_animation=\u00a0\u00bbnone\u00a0\u00bb][vc_column column_padding=\u00a0\u00bbpadding-4-percent\u00a0\u00bb column_padding_tablet=\u00a0\u00bbinherit\u00a0\u00bb column_padding_phone=\u00a0\u00bbinherit\u00a0\u00bb column_padding_position=\u00a0\u00bball\u00a0\u00bb column_element_direction_desktop=\u00a0\u00bbdefault\u00a0\u00bb column_element_spacing=\u00a0\u00bbdefault\u00a0\u00bb centered_text=\u00a0\u00bbtrue\u00a0\u00bb desktop_text_alignment=\u00a0\u00bbleft\u00a0\u00bb tablet_text_alignment=\u00a0\u00bbdefault\u00a0\u00bb phone_text_alignment=\u00a0\u00bbdefault\u00a0\u00bb background_color_opacity=\u00a0\u00bb1&Prime; background_hover_color_opacity=\u00a0\u00bb1&Prime; column_backdrop_filter=\u00a0\u00bbnone\u00a0\u00bb column_shadow=\u00a0\u00bbnone\u00a0\u00bb column_border_radius=\u00a0\u00bbnone\u00a0\u00bb column_link_target=\u00a0\u00bb_self\u00a0\u00bb column_position=\u00a0\u00bbdefault\u00a0\u00bb gradient_direction=\u00a0\u00bbleft_to_right\u00a0\u00bb overlay_strength=\u00a0\u00bb0.3&Prime; width=\u00a0\u00bb1\/2&Prime; tablet_width_inherit=\u00a0\u00bbdefault\u00a0\u00bb animation_type=\u00a0\u00bbdefault\u00a0\u00bb bg_image_animation=\u00a0\u00bbnone\u00a0\u00bb border_type=\u00a0\u00bbsimple\u00a0\u00bb column_border_width=\u00a0\u00bbnone\u00a0\u00bb column_border_style=\u00a0\u00bbsolid\u00a0\u00bb column_padding_type=\u00a0\u00bbdefault\u00a0\u00bb gradient_type=\u00a0\u00bbdefault\u00a0\u00bb][team_member image_url=\u00a0\u00bb879&Prime; bio_alt_image_url=\u00a0\u00bb879&Prime; team_memeber_style=\u00a0\u00bbbio_fullscreen_alt\u00a0\u00bb image_loading=\u00a0\u00bbdefault\u00a0\u00bb team_member_bio_full_html=\u00a0\u00bbsimple\u00a0\u00bb name=\u00a0\u00bbEducateur \/ Educatrice Montessori 6 &#8211; 12 ans\u00a0\u00bb job_position=\u00a0\u00bbPoste \u00e0 pourvoir\u00a0\u00bb team_member_bio=\u00a0\u00bbL\u2019\u00e9cole Montessori du Vend\u00f4mois, recrute un(e) \u00e9ducateur(trice) Montessori 6-12 ans ou professeur des \u00e9coles pour la rentr\u00e9e de septembre 2026 !<\/p>\n<p>Vous avez une exp\u00e9rience significative dans l\u2019enseignement en \u00e9cole publique, priv\u00e9e ou hors contrat, vous poss\u00e9dez un bac +3 ET une formation Montessori 6-12 ans.<\/p>\n<p>Description du poste :<\/p>\n<p>Vous travaillerez dans une classe d\u2019enfants \u00e2g\u00e9s de 6 \u00e0 12 ans. (petit effectif), Vous travaillerez en \u00e9troite collaboration avec la responsable p\u00e9dagogique et l\u2019\u00e9ducatrice Montessori de la classe des 3-6 ans.<\/p>\n<p>Missions :<\/p>\n<p>Accueillir les enfants le matin, et g\u00e9rer la classe.<\/p>\n<p>Pr\u00e9senter les activit\u00e9s aux enfants, suivre le carnet de progr\u00e8s des enfants, planifier des pr\u00e9sentations (le\u00e7ons) pertinentes en discussion avec la responsable p\u00e9dagogique. (les 10 enfants sont en cp, ce1, ce2, cm1 et cm2)<br \/>\nG\u00e9rer les relations entre les enfants, conflits et d\u00e9saccords. Apprendre aux enfants \u00e0 faire respecter leur travail, \u00e0 demander de l\u2019aide, \u00e0 regarder le travail d\u2019un autre, \u00e0 exprimer et g\u00e9rer leurs \u00e9motions.<br \/>\nAider et soutenir les enfants dans l\u2019acquisition de leur autonomie tout au long de la journ\u00e9e (ranger son casier, ordonner ses affaires dans son classeur, prendre soin de son espace de travail et de son environnement)<br \/>\nEn fin de journ\u00e9e, apr\u00e8s le d\u00e9part des enfants, vous participerez au rangement et nettoyage du mat\u00e9riel et de la classe.<\/p>\n<p>Profil :<\/p>\n<p>\u00c9ducatrice Montessori 6-12 ans ( bac +3), exp\u00e9rience significative dans l\u2019enseignement, anglophone, bilingue ou tr\u00e8s bon niveau d\u2019anglais (souhait\u00e9), formation CNV ou discipline positive (ou d\u00e9sir de se former en CNV). Excellente ma\u00eetrise de la langue fran\u00e7aise (grammaire, orthographe, syntaxe, conjugaison etc.).<\/p>\n<p>Comp\u00e9tences et qualit\u00e9s :<\/p>\n<p>Dynamique, joyeux(se), respectueux(se), confiant(e) et autonome, d\u00e9sir d\u2019apprendre, capacit\u00e9 \u00e0 se remettre en question. Vous savez adapter votre comportement et votre communication aux besoins des jeunes enfants.<\/p>\n<p>Vous \u00eates capable d\u2019\u00e9valuer les besoins des enfants et d\u2019y r\u00e9pondre avec bienveillance.<br \/>\nVous \u00eates calme, sensible \u00e0 la nature et \u00e0 l\u2019environnement avec des comp\u00e9tences en art et\/ou en musique et\/ou en sport.<br \/>\nVous appr\u00e9ciez  le travail d\u2019\u00e9quipe.<br \/>\nContrat et salaire :<\/p>\n<p>CDD \u2013 temps plein \u2013 1534 heures annuelles, (972 heures de cours dans l\u2019\u00e9tablissement et 562 heures d\u2019activit\u00e9s induites \u2013 pr\u00e9paration de l\u2019environnement, etc.)<\/p>\n<p>Dur\u00e9e moyenne : 27 heures\/semaine  sur  36  semaines  \u2013  vacances scolaires et vacances d\u2019\u00e9t\u00e9 de la Zone B<\/p>\n<p>heures de pr\u00e9sence \u00e0 l\u2019\u00e9cole : 8h15 \u2013 16h30 \/ 45min de pause \u00e0 midi<\/p>\n<p>cours les lundis, mardis, jeudis et vendredis<\/p>\n<p>Salaire : selon profil (convention collective nationale de l\u2019enseignement priv\u00e9 ind\u00e9pendant)<\/p>\n<p>Processus de recrutement :<\/p>\n<p>CV avec photo, accompagn\u00e9s, par une lettre de motivation<br \/>\nPremier entretien en visioconf\u00e9rence<br \/>\nDeuxi\u00e8me entretien en pr\u00e9sentiel et visite de l\u2019\u00e9cole<\/p>\n<p>Contact :<\/p>\n<p>Association de gestion : Association Aperio, Apprendre pour Etre<\/p>\n<p>Contact t\u00e9l\u00e9phonique : Estelle Legouy \u2013 responsable p\u00e9dagogique 06 86 34 08 37 \u2013 Christian Baron, administrateur 06 21 08 47 97<\/p>\n<p>Adresse mail : aperioape@gmail.com\u00a0\u00bb][\/team_member][nectar_btn size=\u00a0\u00bblarge\u00a0\u00bb button_style=\u00a0\u00bbregular\u00a0\u00bb button_color_2=\u00a0\u00bbAccent-Color\u00a0\u00bb icon_family=\u00a0\u00bbnone\u00a0\u00bb url=\u00a0\u00bbhttps:\/\/lecolemontessoriduvendomois.com\/index.php\/contact\/#ancre\u00a0\u00bb text=\u00a0\u00bbPostuler\u00a0\u00bb][divider line_type=\u00a0\u00bbNo Line\u00a0\u00bb custom_height=\u00a0\u00bb100&Prime;][\/vc_column][vc_column column_padding=\u00a0\u00bbpadding-4-percent\u00a0\u00bb column_padding_tablet=\u00a0\u00bbinherit\u00a0\u00bb column_padding_phone=\u00a0\u00bbinherit\u00a0\u00bb column_padding_position=\u00a0\u00bball\u00a0\u00bb column_element_direction_desktop=\u00a0\u00bbdefault\u00a0\u00bb column_element_spacing=\u00a0\u00bbdefault\u00a0\u00bb desktop_text_alignment=\u00a0\u00bbdefault\u00a0\u00bb tablet_text_alignment=\u00a0\u00bbdefault\u00a0\u00bb phone_text_alignment=\u00a0\u00bbdefault\u00a0\u00bb background_color_opacity=\u00a0\u00bb1&Prime; background_hover_color_opacity=\u00a0\u00bb1&Prime; column_backdrop_filter=\u00a0\u00bbnone\u00a0\u00bb column_shadow=\u00a0\u00bbnone\u00a0\u00bb column_border_radius=\u00a0\u00bbnone\u00a0\u00bb column_link_target=\u00a0\u00bb_self\u00a0\u00bb column_position=\u00a0\u00bbdefault\u00a0\u00bb gradient_direction=\u00a0\u00bbleft_to_right\u00a0\u00bb overlay_strength=\u00a0\u00bb0.3&Prime; width=\u00a0\u00bb1\/2&Prime; tablet_width_inherit=\u00a0\u00bbdefault\u00a0\u00bb animation_type=\u00a0\u00bbdefault\u00a0\u00bb bg_image_animation=\u00a0\u00bbnone\u00a0\u00bb border_type=\u00a0\u00bbsimple\u00a0\u00bb column_border_width=\u00a0\u00bbnone\u00a0\u00bb column_border_style=\u00a0\u00bbsolid\u00a0\u00bb column_padding_type=\u00a0\u00bbdefault\u00a0\u00bb gradient_type=\u00a0\u00bbdefault\u00a0\u00bb][team_member image_url=\u00a0\u00bb235&Prime; bio_alt_image_url=\u00a0\u00bb235&Prime; team_memeber_style=\u00a0\u00bbbio_fullscreen_alt\u00a0\u00bb image_loading=\u00a0\u00bbdefault\u00a0\u00bb team_member_bio_full_html=\u00a0\u00bbsimple\u00a0\u00bb name=\u00a0\u00bbEducateur \/ Educatrice Montessori 3 &#8211; 6 ans\u00a0\u00bb job_position=\u00a0\u00bbPoste \u00e0 pourvoir\u00a0\u00bb team_member_bio=\u00a0\u00bbL\u2019\u00e9cole Montessori du Vend\u00f4mois, recrute pour la rentr\u00e9e de septembre 2026 un(e) \u00e9ducateur(trice) Montessori 3-6 ans !<\/p>\n<p>Vous avez une exp\u00e9rience significative dans l\u2019enseignement en \u00e9cole publique, priv\u00e9e ou hors contrat, vous poss\u00e9dez un bac + 3 ET une formation Montessori AMI 3-6 ans, ce poste est fait pour vous !<\/p>\n<p>Profitez d\u2019un cadre idyllique pour vous investir dans un projet en plein essor ! L\u2019\u00e9cole est dirig\u00e9e de fa\u00e7on montessorienne :  autonomie et coop\u00e9ration au sein de l\u2019\u00e9quipe. Bienveillance, \u00e9changes et force de propositions sont attendus.<\/p>\n<p>Description du poste :<\/p>\n<p>Vous travaillerez dans une classe d\u2019enfants \u00e2g\u00e9s de 3 ans \u00e0 6 ans. (petit effectif), vous disposerez d\u2019une assistante pour votre classe le matin. Vous travaillerez en \u00e9troite collaboration avec la responsable p\u00e9dagogique et \u00e9ducatrice de la classe des 6-12 ans.<\/p>\n<p>Missions :<\/p>\n<p>Accueillir les enfants le matin, et g\u00e9rer la classe.<\/p>\n<p>Pr\u00e9senter les activit\u00e9s aux enfants, suivre le carnet de progr\u00e8s des enfants, planifier des pr\u00e9sentations pertinentes et discussions avec la responsable p\u00e9dagogique.<br \/>\nVous pourrez \u00eatre amen\u00e9(e) \u00e9galement \u00e0 animer des moments d\u2019activit\u00e9s artistiques et musicales (chansons, moments de regroupement ou de jeux libres si n\u00e9cessaire).<br \/>\nG\u00e9rer des relations entre les enfants, conflits et d\u00e9saccords. Apprendre aux enfants \u00e0 faire respecter leur travail, \u00e0 demander de l\u2019aide, \u00e0 regarder le travail d\u2019un autre, \u00e0 exprimer et g\u00e9rer leurs \u00e9motions.<br \/>\nAider et soutenir les enfants dans l\u2019acquisition de leur autonomie tout au long de lajourn\u00e9e (repas, sieste, acquisition de la continence pour les plus jeunes\u2026).<br \/>\nEn fin de journ\u00e9e, apr\u00e8s le d\u00e9part des enfants, vous participerez au rangement et nettoyage du mat\u00e9riel et de la classe.<\/p>\n<p>Profil :<\/p>\n<p>\u00c9ducatrice Montessori 3-6 ans (avec bac +3), exp\u00e9rience significative dans l\u2019enseignement (dipl\u00f4me de la petite enfance souhaitable), anglophone, bilingue ou tr\u00e8s bon niveau d\u2019anglais (souhait\u00e9), formation CNV ou discipline positive (ou d\u00e9sir de se former en CNV). Excellente ma\u00eetrise de la langue fran\u00e7aise (grammaire, orthographe, syntaxe, conjugaison etc.).<\/p>\n<p>Comp\u00e9tences et qualit\u00e9s :<\/p>\n<p>Dynamique, joyeux(se), respectueux(se), confiant(e) et autonome, d\u00e9sir d\u2019apprendre, capacit\u00e9 \u00e0 seremettre en question. Vous savez adapter votre comportement et votre communication aux besoins des jeunes enfants.<\/p>\n<p>Vous \u00eates capable d\u2019\u00e9valuer les besoins des enfants et d\u2019y r\u00e9pondre avec bienveillance.<br \/>\nVous \u00eates calme, sensible \u00e0 la nature et \u00e0 l\u2019environnement avec des comp\u00e9tences en art et\/ou en musique et\/ou en sport.<br \/>\nVous appr\u00e9ciez  le travail d\u2019\u00e9quipe.<br \/>\nContrat et salaire :<\/p>\n<p>CDD \u2013 temps plein \u2013 1534 heures annuelles (972 heures de cours dans l\u2019\u00e9tablissement et 562heures d\u2019activit\u00e9s induites \u2013 pr\u00e9paration de l\u2019environnement, etc.)<\/p>\n<p>Dur\u00e9e moyenne : 27 heures\/semaine  sur  36  semaines  \u2013  vacances scolaires et vacances d\u2019\u00e9t\u00e9 de la Zone B<\/p>\n<p>Salaire : selon profil (convention collective nationale de l\u2019enseignement priv\u00e9 ind\u00e9pendant)<\/p>\n<p>Processus de recrutement :<\/p>\n<p>CV avec photo, accompagn\u00e9s, par une lettre de motivation<br \/>\nPremier entretien en visioconf\u00e9rence<br \/>\nDeuxi\u00e8me entretien en pr\u00e9sentiel et visite de l\u2019\u00e9cole<\/p>\n<p>Contact :<\/p>\n<p>Association de gestion : Association Aperio, Apprendre pour Etre<\/p>\n<p>Contact t\u00e9l\u00e9phonique : 06 86 34 08 37<\/p>\n<p>Adresse mail : aperioape@gmail.com\u00a0\u00bb][\/team_member][nectar_btn size=\u00a0\u00bblarge\u00a0\u00bb button_style=\u00a0\u00bbregular\u00a0\u00bb button_color_2=\u00a0\u00bbAccent-Color\u00a0\u00bb icon_family=\u00a0\u00bbnone\u00a0\u00bb url=\u00a0\u00bbhttps:\/\/lecolemontessoriduvendomois.com\/index.php\/contact\/#ancre\u00a0\u00bb text=\u00a0\u00bbPostuler\u00a0\u00bb][divider line_type=\u00a0\u00bbNo Line\u00a0\u00bb custom_height=\u00a0\u00bb100&Prime;][\/vc_column][\/vc_row]\n","protected":false},"excerpt":{"rendered":"<p>[vc_row type=\u00a0\u00bbfull_width_content\u00a0\u00bb full_screen_row_position=\u00a0\u00bbmiddle\u00a0\u00bb column_margin=\u00a0\u00bbdefault\u00a0\u00bb column_direction=\u00a0\u00bbdefault\u00a0\u00bb column_direction_tablet=\u00a0\u00bbdefault\u00a0\u00bb column_direction_phone=\u00a0\u00bbdefault\u00a0\u00bb bg_color=\u00a0\u00bb#ffffff\u00a0\u00bb scene_position=\u00a0\u00bbcenter\u00a0\u00bb text_color=\u00a0\u00bbdark\u00a0\u00bb text_align=\u00a0\u00bbleft\u00a0\u00bb row_border_radius=\u00a0\u00bbnone\u00a0\u00bb row_border_radius_applies=\u00a0\u00bbbg\u00a0\u00bb overflow=\u00a0\u00bbvisible\u00a0\u00bb overlay_strength=\u00a0\u00bb0.3&Prime; gradient_direction=\u00a0\u00bbleft_to_right\u00a0\u00bb shape_divider_position=\u00a0\u00bbbottom\u00a0\u00bb bg_image_animation=\u00a0\u00bbnone\u00a0\u00bb][vc_column column_padding=\u00a0\u00bbpadding-4-percent\u00a0\u00bb column_padding_tablet=\u00a0\u00bbinherit\u00a0\u00bb column_padding_phone=\u00a0\u00bbinherit\u00a0\u00bb column_padding_position=\u00a0\u00bball\u00a0\u00bb column_element_direction_desktop=\u00a0\u00bbdefault\u00a0\u00bb column_element_spacing=\u00a0\u00bbdefault\u00a0\u00bb centered_text=\u00a0\u00bbtrue\u00a0\u00bb desktop_text_alignment=\u00a0\u00bbleft\u00a0\u00bb tablet_text_alignment=\u00a0\u00bbdefault\u00a0\u00bb phone_text_alignment=\u00a0\u00bbdefault\u00a0\u00bb background_color_opacity=\u00a0\u00bb1&Prime; background_hover_color_opacity=\u00a0\u00bb1&Prime;&#8230;<\/p>\n","protected":false},"author":1,"featured_media":0,"parent":0,"menu_order":0,"comment_status":"closed","ping_status":"closed","template":"","meta":{"_seopress_robots_primary_cat":"","_seopress_titles_title":"","_seopress_titles_desc":"","_seopress_robots_index":"","footnotes":""},"class_list":["post-506","page","type-page","status-publish"],"_links":{"self":[{"href":"https:\/\/lecolemontessoriduvendomois.com\/index.php\/wp-json\/wp\/v2\/pages\/506","targetHints":{"allow":["GET"]}}],"collection":[{"href":"https:\/\/lecolemontessoriduvendomois.com\/index.php\/wp-json\/wp\/v2\/pages"}],"about":[{"href":"https:\/\/lecolemontessoriduvendomois.com\/index.php\/wp-json\/wp\/v2\/types\/page"}],"author":[{"embeddable":true,"href":"https:\/\/lecolemontessoriduvendomois.com\/index.php\/wp-json\/wp\/v2\/users\/1"}],"replies":[{"embeddable":true,"href":"https:\/\/lecolemontessoriduvendomois.com\/index.php\/wp-json\/wp\/v2\/comments?post=506"}],"version-history":[{"count":50,"href":"https:\/\/lecolemontessoriduvendomois.com\/index.php\/wp-json\/wp\/v2\/pages\/506\/revisions"}],"predecessor-version":[{"id":1158,"href":"https:\/\/lecolemontessoriduvendomois.com\/index.php\/wp-json\/wp\/v2\/pages\/506\/revisions\/1158"}],"wp:attachment":[{"href":"https:\/\/lecolemontessoriduvendomois.com\/index.php\/wp-json\/wp\/v2\/media?parent=506"}],"curies":[{"name":"wp","href":"https:\/\/api.w.org\/{rel}","templated":true}]}}